{"id":783,"date":"2023-10-31T10:45:16","date_gmt":"2023-10-31T03:45:16","guid":{"rendered":"https:\/\/tien.halink.asia\/kienannam\/?post_type=product&#038;p=783"},"modified":"2023-11-10T18:52:02","modified_gmt":"2023-11-10T11:52:02","slug":"en-ke-tivi-go-cong-nghiep-3-ngan-ktv-019","status":"publish","type":"product","link":"https:\/\/kan.mediawz.com\/en\/san-pham\/en-ke-tivi-go-cong-nghiep-3-ngan-ktv-019\/","title":{"rendered":"K\u1ec7 tivi g\u1ed7 c\u00f4ng nghi\u1ec7p 3 ng\u0103n KTV-019"},"content":{"rendered":"<p><\/p>\n<h2>K\u1ec7 tivi g\u1ed7 c\u00f4ng nghi\u1ec7p 3 ng\u0103n m\u00e0u v\u00e2n g\u1ed7 c\u00e1nh tr\u1eafng KTV-019<\/h2>\n<p><strong>\u2013 Quy c\u00e1ch: K\u1ec7 tivi \u0111\u01a1n,\u00a0<\/strong>ho\u1eb7c<strong>\u00a0k\u1ec7 tivi k\u1ebft h\u1ee3p c\u00f9ng v\u00e1ch \u1ed1p trang tr\u00ed<\/strong>\u00a0ph\u00f2ng kh\u00e1ch thi\u1ebft k\u1ebf nh\u01b0 h\u00ecnh.<\/p>\n<p><strong>\u2013 K\u00edch th\u01b0\u1edbc(D x R x C):<\/strong>\u00a0B\u1ea1n c\u00f3 th\u1ec3 \u0111\u1eb7t k\u00edch th\u01b0\u1edbc theo y\u00eau c\u1ea7u th\u1ef1c t\u1ebf \u0111\u1ec3 ph\u00f9 h\u1ee3p v\u1edbi kh\u00f4ng gian nh\u00e0 m\u00ecnh.<\/p>\n<p><strong>\u2013 Ch\u1ea5t li\u1ec7u:<\/strong>\u00a0G\u1ed7 c\u00f4ng nghi\u1ec7p An C\u01b0\u1eddng cao c\u1ea5p (T\u00f9y ch\u1ecdn g\u1ed7 mfc, mdf, mdf l\u00f5i xanh ch\u1ed1ng \u1ea9m) ho\u1eb7c g\u1ed7 c\u00f4ng nghi\u1ec7p nh\u1eadp kh\u1ea9u Th\u00e1i Lan, Malaysia.<\/p>\n<p><strong>\u2013 M\u00e0u s\u1eafc:<\/strong>\u00a0M\u00e0u nh\u01b0 h\u00ecnh ho\u1eb7c b\u1ea1n c\u00f3 th\u1ec3 \u0111\u1eb7t m\u00e0u v\u00e0 k\u00edch th\u01b0\u1edbc t\u00f9y theo nhu c\u1ea7u v\u00e0 s\u1edf th\u00edch c\u1ee7a m\u00ecnh, c\u00e1c tone m\u00e0u tr\u01a1n cho \u0111\u1ebfn v\u00e2n g\u1ed7 r\u1ea5t \u0111a d\u1ea1ng.<\/p>\n<p><strong>\u2013 Th\u1eddi gian giao h\u00e0ng:<\/strong>\u00a0T\u1eeb 1 \u0111\u1ebfn 7 ng\u00e0y sau khi \u0111\u1eb7t h\u00e0ng (Giao t\u1edbi t\u1eadn nh\u00e0).<\/p>\n<p><img decoding=\"async\" loading=\"lazy\" class=\"aligncenter size-full wp-image-867\" src=\"https:\/\/tuaocanhkinh.vn\/wp-content\/uploads\/2021\/08\/ke-tivi-go-cong-nghiep-3-ngan-ktv-019.jpg\" sizes=\"(max-width: 750px) 100vw, 750px\" srcset=\"https:\/\/tuaocanhkinh.vn\/wp-content\/uploads\/2021\/08\/ke-tivi-go-cong-nghiep-3-ngan-ktv-019.jpg 750w, https:\/\/tuaocanhkinh.vn\/wp-content\/uploads\/2021\/08\/ke-tivi-go-cong-nghiep-3-ngan-ktv-019-600x400.jpg 600w, https:\/\/tuaocanhkinh.vn\/wp-content\/uploads\/2021\/08\/ke-tivi-go-cong-nghiep-3-ngan-ktv-019-450x300.jpg 450w\" alt=\"K\u1ec7 tivi g\u1ed7 c\u00f4ng nghi\u1ec7p 3 ng\u0103n m\u00e0u v\u00e2n g\u1ed7 c\u00e1nh tr\u1eafng\" width=\"750\" height=\"500\" \/><\/p>\n<p><a href=\"https:\/\/tuaocanhkinh.vn\/danh-muc\/ke-tivi\/\">K\u1ec7 tivi g\u1ed7 mdf \u0111\u01a1n gi\u1ea3n<\/a>\u00a0KTV-019 \u0111\u01b0\u1ee3c thi\u1ebft k\u1ebf \u0111\u01a1n gi\u1ea3n ki\u1ec3u d\u00e1ng nh\u1ecf g\u1ecdn, nh\u01b0ng to\u00e1t l\u00ean v\u1ebb \u0111\u1eb9p sang tr\u1ecdng v\u00e0 tinh t\u1ebf, chi\u1ec1u cao v\u1eeba ph\u1ea3i v\u1edbi c\u00e1c ng\u0103n \u0111\u1ec3 \u0111\u1ed3 ti\u1ec7n d\u1ee5ng \u0111\u00e1p \u1ee9ng nhu c\u1ea7u s\u1eed d\u1ee5ng cho kh\u00e1ch h\u00e0ng. S\u1ea3n ph\u1ea9m c\u00f3 t\u00ednh th\u1ea9m m\u1ef9 cao d\u1ec5 k\u1ebft h\u1ee3p v\u1edbi c\u00e1c \u0111\u1ed3 n\u1ed9i th\u1ea5t kh\u00e1c m\u1ed9t c\u00e1ch h\u00e0i h\u00f2a v\u00e0 ph\u00f9 h\u1ee3p.<\/p>\n<p><strong>M\u1eabu k\u1ec7 tivi g\u1ed7 c\u00f4ng nghi\u1ec7p\u00a0<\/strong>r\u1ea5t ti\u1ebft ki\u1ec7m di\u1ec7n t\u00edch s\u1eed d\u1ee5ng n\u00ean c\u00f3 th\u1ec3 s\u1eed d\u1ee5ng cho nhi\u1ec1u kh\u00f4ng gian kh\u00e1c nhau nh\u01b0 ph\u00f2ng kh\u00e1ch, ph\u00f2ng ng\u1ee7\u2026 C\u00e1c ch\u1ea5t li\u1ec7u cao c\u1ea5p lu\u00f4n \u0111\u01b0\u1ee3c d\u00f9ng cho s\u1ea3n xu\u1ea5t, l\u1eafp \u0111\u1eb7t ch\u1eafc ch\u1eafn v\u1edbi k\u0129 thu\u1eadt cao n\u00ean kh\u00e1ch h\u00e0ng ho\u00e0n to\u00e0n y\u00ean t\u00e2m khi s\u1eed d\u1ee5ng.<\/p>\n<h3>T\u1ea1i sao n\u00ean ch\u1ecdn mua k\u1ec7 ti vi c\u1ee7a n\u1ed9i th\u1ea5t M\u1ed9c \u0110\u1ea1t s\u1ea3n xu\u1ea5t?<\/h3>\n<p>\u2013\u00a0<strong>K\u1ec7 ti vi<\/strong>\u00a0s\u1ea3n xu\u1ea5t \u1edf M\u1ed9c \u0110\u1ea1t lu\u00f4n c\u00f3 ch\u1ea5t l\u01b0\u1ee3ng t\u1ed1t v\u00e0 b\u1ec1n b\u1ec9, ch\u1ed1ng \u0111\u01b0\u1ee3c cong v\u00eanh, m\u1ed1i m\u1ecdt. B\u1ec1 m\u1eb7t l\u00e1ng m\u1ecbn ch\u1ed1ng tr\u1ea7y, ch\u1ed1ng bong tr\u00f3c cao.<\/p>\n<p>\u2013 S\u1ea3n ph\u1ea9m \u0111a d\u1ea1ng nhi\u1ec1u m\u1eabu m\u00e3 v\u00e0 m\u00e0u s\u1eafc t\u01b0\u01a1i \u0111\u1eb9p cho kh\u00e1ch h\u00e0ng l\u1ef1a ch\u1ecdn. Ch\u1ea5t l\u01b0\u1ee3ng v\u01b0\u1ee3t tr\u1ed9i nh\u01b0ng gi\u00e1 th\u00e0nh l\u1ea1i v\u00f4 c\u00f9ng h\u1ee3p l\u00fd v\u00e0 c\u00f3 nhi\u1ec1u m\u1ee9c gi\u00e1 ph\u00f9 h\u1ee3p v\u1edbi t\u00fai ti\u1ec1n c\u1ee7a kh\u00e1ch h\u00e0ng.<\/p>\n<p>\u2013 Ph\u00f9 h\u1ee3p l\u1eafp \u0111\u1eb7t cho nhi\u1ec1u kh\u00f4ng gian nh\u01b0 nh\u00e0 m\u1eb7t \u0111\u1ea5t, nh\u00e0 chung c\u01b0, bi\u1ec7t th\u1ef1\u2026<\/p>\n<p>\u2013 S\u1ea3n ph\u1ea9m r\u1ea5t nh\u1eb9, d\u1ec5 s\u1eeda ch\u1eefa thay th\u1ebf v\u1edbi chi ph\u00ed th\u1ea5p. \u0110\u1eb7c bi\u1ec7t s\u1ea3n ph\u1ea9m \u0111\u01b0\u1ee3c b\u1ea3o h\u00e0nh l\u00ean t\u1edbi 24 th\u00e1ng.<\/p>\n<p>\u2013 T\u1ed1c \u0111\u1ed9 s\u1ea3n xu\u1ea5t v\u00e0 giao h\u00e0ng lu\u00f4n nhanh ch\u00f3ng v\u00e0 c\u1ea9n th\u1eadn.<\/p>\n<p>&gt;&gt; Xem th\u00eam SP:\u00a0<a href=\"https:\/\/tuaocanhkinh.vn\/san-pham\/ke-tivi-hien-dai-thiet-ke-dang-thap-ktv-018\/\">K\u1ec7 tivi hi\u1ec7n \u0111\u1ea1i thi\u1ebft k\u1ebf d\u00e1ng th\u1ea5p KTV-018<\/a><\/p>\n<p>V\u1edbi kinh nghi\u1ec7m l\u00e2u n\u0103m trong ngh\u1ec1, ch\u00fang t\u00f4i lu\u00f4n l\u00e0m n\u00ean nh\u1eefng s\u1ea3n ph\u1ea9m ch\u1ea5t l\u01b0\u1ee3ng cao, gi\u00e1 c\u1ea3 t\u1ed1t c\u00f9ng nh\u1eefng t\u01b0 v\u1ea5n t\u1ed1t nh\u1ea5t cho kh\u00e1ch h\u00e0ng. M\u1ed9c \u0111\u1ea1t mang t\u1edbi gi\u1ea3i ph\u00e1p n\u1ed9i th\u1ea5t \u01b0u vi\u1ec7t cho ng\u00f4i nh\u00e0 c\u1ee7a b\u1ea1n.<\/p>","protected":false},"excerpt":{"rendered":"<ul>\n<li>B\u1ea3o h\u00e0nh: 24 th\u00e1ng<\/li>\n<li>T\u01b0 v\u1ea5n thi\u1ebft k\u1ebf theo y\u00eau c\u1ea7u<\/li>\n<li>Giao h\u00e0ng, l\u1eafp \u0111\u1eb7t t\u1eadn n\u01a1i<\/li>\n<\/ul>\n","protected":false},"featured_media":795,"comment_status":"open","ping_status":"closed","template":"","meta":[],"product_cat":[96,109,108,107,94,103],"product_tag":[],"_links":{"self":[{"href":"https:\/\/kan.mediawz.com\/en\/wp-json\/wp\/v2\/product\/783"}],"collection":[{"href":"https:\/\/kan.mediawz.com\/en\/wp-json\/wp\/v2\/product"}],"about":[{"href":"https:\/\/kan.mediawz.com\/en\/wp-json\/wp\/v2\/types\/product"}],"replies":[{"embeddable":true,"href":"https:\/\/kan.mediawz.com\/en\/wp-json\/wp\/v2\/comments?post=783"}],"wp:featuredmedia":[{"embeddable":true,"href":"https:\/\/kan.mediawz.com\/en\/wp-json\/wp\/v2\/media\/795"}],"wp:attachment":[{"href":"https:\/\/kan.mediawz.com\/en\/wp-json\/wp\/v2\/media?parent=783"}],"wp:term":[{"taxonomy":"product_cat","embeddable":true,"href":"https:\/\/kan.mediawz.com\/en\/wp-json\/wp\/v2\/product_cat?post=783"},{"taxonomy":"product_tag","embeddable":true,"href":"https:\/\/kan.mediawz.com\/en\/wp-json\/wp\/v2\/product_tag?post=783"}],"curies":[{"name":"wp","href":"https:\/\/api.w.org\/{rel}","templated":true}]}}