{"id":782,"date":"2023-10-31T10:43:35","date_gmt":"2023-10-31T03:43:35","guid":{"rendered":"https:\/\/tien.halink.asia\/kienannam\/?post_type=product&#038;p=782"},"modified":"2023-10-31T10:48:54","modified_gmt":"2023-10-31T03:48:54","slug":"en-tu-bep-acrylic-mau-xam-gia-re","status":"publish","type":"product","link":"https:\/\/kan.mediawz.com\/en\/san-pham\/en-tu-bep-acrylic-mau-xam-gia-re\/","title":{"rendered":"T\u1ee7 b\u1ebfp Acrylic m\u00e0u x\u00e1m gi\u00e1 r\u1ebb"},"content":{"rendered":"<p><\/p>\n<ul id=\"product-detail-tab\" class=\"nav nav-tabs product-tabs\">\n<li><a class=\"active\" href=\"https:\/\/tubephome3d.com\/mau-tu-bep-acrylic-dep-gia-re-45#product_tabs_description\" data-toggle=\"tab\">Th\u00f4ng tin chi ti\u1ebft<\/a><\/li>\n<li><a href=\"https:\/\/tubephome3d.com\/mau-tu-bep-acrylic-dep-gia-re-45#product_tabs_custom\" data-toggle=\"tab\">Th\u00f4ng tin kh\u00e1c<\/a><\/li>\n<\/ul>\n<div id=\"productTabContent\" class=\"tab-content\">\n<div id=\"product_tabs_description\" class=\"tab-pane fade in active\">\n<div class=\"videoctsp\"><iframe loading=\"lazy\" title=\"YouTube video player\" src=\"https:\/\/www.youtube.com\/embed\/l-JkAHdMWSU\" width=\"560\" height=\"315\" frameborder=\"0\" allowfullscreen=\"allowfullscreen\"><\/iframe><\/div>\n<div class=\"std justify add_apper\">\n<h2><strong><a href=\"https:\/\/tubephome3d.com\/tu-bep-acrylic\">T\u1ee7 b\u1ebfp acrylic<\/a>\u00a0b\u00f3ng g\u01b0\u01a1ng \u0111\u1eb9p, b\u1ec1n theo th\u1eddi gian v\u00e0 nh\u1eefng \u0111i\u1ec1u b\u1ea1n n\u00ean bi\u1ebft khi l\u00e0m t\u1ee7 b\u1ebfp .<\/strong><\/h2>\n<p>T\u1ee7 b\u1ebfp Acrylic \u0111ang \u0111\u01b0\u1ee3c r\u1ea5t nhi\u1ec1u ng\u01b0\u1eddi ti\u00eau d\u00f9ng l\u1ef1a ch\u1ecdn b\u1edfi ch\u1ea5t li\u1ec7u cao c\u1ea5p, b\u1ec1n \u0111\u1eb9p, m\u00e0u s\u1eafc \u0111a d\u1ea1ng, sang tr\u1ecdng, thi c\u00f4ng nhanh, gi\u00e1 th\u00e0nh h\u1ee3p l\u00fd, ph\u00f9 h\u1ee3p v\u1edbi th\u1eddi ti\u1ebft v\u00e0 kh\u00ed h\u1eadu t\u1ea1i Vi\u1ec7t Nam. \u0110\u1eb7c bi\u1ec7t v\u1edbi nh\u1eefng c\u0103n h\u1ed9 chung c\u01b0 th\u00ec ch\u1ea5t li\u1ec7u Acrylic lu\u00f4n \u0111\u01b0\u1ee3c \u0111\u00f4ng \u0111\u1ea3o kh\u00e1ch h\u00e0ng ch\u1ecdn l\u1ef1a.<\/p>\n<p><img decoding=\"async\" src=\"https:\/\/bizweb.dktcdn.net\/100\/465\/761\/products\/mau-tu-bep-de-acrylic-tu-bep-dep-acrylic046.jpg?v=1665547348913\" data-thumb=\"original\" \/><\/p>\n<p>S\u1ea3n ph\u1ea9m\u00a0<strong>T\u1ee7 B\u1ebfp Acrylic<\/strong>\u00a0\u0111\u01b0\u1ee3c s\u1ea3n xu\u1ea5t d\u1ef1a tr\u00ean d\u00e2y chuy\u1ec1n hi\u1ec7n \u0111\u1ea1i v\u00e0 s\u1ef1 ki\u1ec3m duy\u1ec7t ch\u1ea5t l\u01b0\u1ee3ng kh\u1eaft khe c\u00f9ng \u0111\u1ed9i ng\u0169 thi\u1ebft k\u1ebf s\u00e1ng t\u1ea1o, l\u00e0nh ngh\u1ec1, am hi\u1ec3u m\u1ef9 thu\u1eadt v\u00e0 phong th\u1ee7y. Ch\u00fang t\u00f4i lu\u00f4n l\u1eafng nghe v\u00e0 th\u1ea5u hi\u1ec3u nh\u1eefng chi ti\u1ebft nh\u1ecf nh\u1ea5t c\u00f9ng kh\u00e1ch h\u00e0ng \u0111\u1ec3 t\u1ea1o ra nh\u1eefng m\u1eabu t\u1ee7 b\u1ebfp Acrylic \u0111\u1eb9p mang phong c\u00e1ch c\u00e1 nh\u00e2n \u0111\u1ed9c \u0111\u00e1o v\u1edbi t\u00ednh \u1ee9ng d\u1ee5ng cao.<\/p>\n<p><iframe loading=\"lazy\" src=\"https:\/\/www.youtube.com\/embed\/pkprcRirKuU\" width=\"560\" height=\"314\" allowfullscreen=\"allowfullscreen\"><\/iframe><br \/>\n\u0110\u00f3ng t\u1ee7 b\u1ebfp Acrylic \u0111ang l\u00e0 m\u1ed9t trong nh\u1eefng xu h\u01b0\u1edbng HOT \u0111\u01b0\u1ee3c c\u00e1c gia \u0111\u00ecnh hi\u1ec7n \u0111\u1ea1i y\u00eau th\u00edch. Ki\u1ec3u t\u1ee7 b\u1ebfp n\u00e0y ch\u1ee7 y\u1ebfu \u0111\u01b0\u1ee3c l\u00e0m t\u1eeb ch\u1ea5t li\u1ec7u g\u1ed7 c\u00f4ng nghi\u1ec7p MDF, MDF l\u00f5i xanh ch\u1ed1ng \u1ea9m, HDF ho\u1eb7c nh\u1ef1a Picomat, b\u00ean ngo\u00e0i ph\u1ee7 m\u1ed9t l\u1edbp Acrylic. L\u1edbp ph\u1ee7 n\u00e0y ch\u00ednh x\u00e1c l\u00e0 m\u1ed9t lo\u1ea1i nh\u1ef1a d\u1ebbo, c\u00f3 \u0111\u1ed9 b\u00f3ng nh\u01b0 g\u01b0\u01a1ng nh\u01b0ng l\u1ea1i r\u1ea5t t\u1ef1 nhi\u00ean. C\u00e1c gia \u0111\u00ecnh hi\u1ec7n \u0111\u1ea1i ng\u00e0y nay kh\u00e1 y\u00eau th\u00edch s\u1eed d\u1ee5ng m\u1eabu t\u1ee7 b\u1ebfp n\u00e0y v\u00ec v\u1ebb \u0111\u1eb9p sang tr\u1ecdng, tr\u1ebb trung, c\u00f3 th\u1ec3 ph\u00f9 h\u1ee3p v\u1edbi nhi\u1ec1u ki\u1ec3u thi\u1ebft k\u1ebf nh\u00e0 \u1edf hi\u1ec7n nay.<\/p>\n<p>&nbsp;<\/p>\n<h2><strong><a href=\"https:\/\/tubephome3d.com\/tu-bep\">T\u1ee7 B\u1ebfp<\/a>\u00a0Acrylic\u00a0 L\u00e0 G\u00ec Nh\u1eefng \u01afu Nh\u01b0\u1ee3c \u0110i\u1ec3m Khi\u00a0 L\u00e0m T\u1ee7 B\u1ebfp B\u1ea1n Ph\u1ea3i Bi\u1ebft .<\/strong><\/h2>\n<p>Acrylic c\u00f2n c\u00f3 t\u00ean ti\u1ebfng anh Hi Gloss Acrylic, \u1edf Vi\u1ec7t Nam th\u01b0\u1eddng hay g\u1ecdi l\u00e0 mica c\u00f3 ngh\u0129a l\u00e0 b\u00f3ng g\u01b0\u01a1ng. L\u00e0 d\u00f2ng s\u1ea3n ph\u1ea9m g\u1ed7 c\u00f4ng nghi\u1ec7p cao c\u1ea5p.<br \/>\nAcrylic l\u00e0 m\u1ed9t lo\u1ea1i nh\u1ef1a c\u00f3 ngu\u1ed3n g\u1ed1c t\u1eeb d\u1ea7u m\u1ecf, c\u00f3 t\u00ednh nhi\u1ec7t d\u1ebbo c\u00f3 kh\u1ea3 n\u0103ng ch\u1ecbu t\u00e1c \u0111\u1ed9ng, ch\u1ecbu nhi\u1ec7t cao.<br \/>\nG\u1ed7 c\u00f3 th\u1ec3 trong su\u1ed1t ho\u1eb7c c\u00f3 m\u00e0u tr\u01a1n, metalic \u0111\u1ebfn nh\u1eefng v\u00e2n g\u1ed7 sang tr\u1ecdng.<br \/>\nG\u1ed7 Acrylic l\u00e0 s\u1ea3n ph\u1ea9m c\u00f3 t\u00ednh b\u1ea3o v\u1ec7 m\u00f4i tr\u01b0\u1eddng.<br \/>\nCh\u00ednh v\u00ec v\u1eady g\u1ed7 Acrylic \u0111\u01b0\u1ee3c s\u1eed d\u1ee5ng ng\u00e0y c\u00e0ng nhi\u1ec1u trong ng\u00e0nh n\u1ed9i th\u1ea5t. \u0110\u1eb7c bi\u1ec7t l\u00e0 thi\u1ebft k\u1ebf t\u1ee7 b\u1ebfp.<\/p>\n<h2><strong>-\u01afu \u0111i\u1ec3m khi l\u00e0m\u00a0<a href=\"https:\/\/tubephome3d.com\/\">t\u1ee7 b\u1ebfp\u00a0<\/a>arylich b\u00f3ng g\u01b0\u01a1ng b\u1ea1n ph\u1ec9a bi\u1ebft khi l\u00e0m n\u1ed9i th\u1ea5t .<\/strong><\/h2>\n<p>T\u1ee7 b\u1ebfp Acrylic b\u00f3ng g\u01b0\u01a1ng \u00a0c\u00f3 m\u00e0u s\u1eafc v\u00f4 c\u00f9ng phong ph\u00fa v\u00e0 \u0111a d\u1ea1ng.<br \/>\nCh\u1ea5t li\u1ec7u b\u00f3ng g\u01b0\u01a1ng m\u00e0u mang t\u00ednh ch\u1ea5t hi\u1ec7n \u0111\u1ea1i cao, sang tr\u1ecdng.<br \/>\nCh\u1ea5t li\u1ec7u xanh s\u1ea1ch th\u00e2n thi\u1ec7n v\u00e0 b\u1ea3o v\u1ec7 m\u00f4i tr\u01b0\u1eddng.<br \/>\nCh\u1ea5t li\u1ec7u mang m\u00e0u s\u1eafc \u1ed5n \u0111\u1ecbnh, kh\u00f4ng b\u1ecb bay m\u00e0u theo th\u1eddi gian.<br \/>\nT\u1ea1o c\u1ea3m sang tr\u1ecdng \u0111\u1eb3ng c\u1ea5p cho kh\u00f4ng gian c\u0103n b\u1ebfp.<br \/>\nC\u00f3 kh\u1ea3 n\u0103ng u\u1ed1n d\u1ebbo cao, ch\u1ecbu l\u1ef1c l\u1edbn, ch\u1ecbu nhi\u1ec7t t\u1ed1t.<br \/>\n\u0110\u1ed9 b\u1ec1 cao, b\u1ec1 m\u1eb7t b\u00f3ng g\u01b0\u01a1ng d\u1ec5 d\u00e0ng v\u1ec7 sinh sau khi s\u1eed d\u1ee5ng.<br \/>\nThi c\u00f4ng nhanh, d\u1ec5 l\u1eafp \u0111\u1eb7t.<\/p>\n<h2><strong>-Nh\u01b0\u1ee3c \u0111i\u1ec3m khi l\u00e0m\u00a0<a href=\"https:\/\/tubephome3d.com\/mau-tu-bep-acrylic-dep-gia-re-45\">t\u1ee7 b\u1ebfp arylic\u00a0<\/a>b\u1ea1n ph\u1ea3i bi\u1ebft khi ho\u00e0n thi\u1ec7n n\u1ed9i th\u1ea5t nh\u00e0 .<\/strong><\/h2>\n<p>Gi\u00e1 th\u00e0nh l\u00e0m n\u1ed9i th\u1ea5t t\u1eeb ch\u1ea5t li\u1ec7u Acrylic cao h\u01a1n nh\u1eefng ch\u1ea5t li\u1ec7u g\u1ed7 c\u00f4ng nghi\u1ec7p kh\u00e1c.<br \/>\nKh\u00f4ng th\u1ec3 mang \u0111\u1ebfn m\u1ed9t kh\u00f4ng gian n\u1ed9t th\u1ea5t c\u1ed5 \u0111i\u1ec3n.<br \/>\nM\u00e1y m\u00f3c trang thi\u1ebft b\u1ecb \u0111\u1ec3 l\u00e0m g\u1ed7 Acrylic ph\u1ea3i hi\u1ec7n \u0111\u1ea1i, c\u00f3 \u0111\u1ed9 tinh x\u1ea3o v\u00e0 \u00a0ch\u00ednh x\u00e1c cao.<br \/>\n\u0110\u00f2i h\u1ecfi ng\u01b0\u1eddi th\u1ee3 ph\u1ea3i c\u00f3 tay ngh\u1ec1 cao, c\u1ea9n th\u1eadn, t\u1ec9 m\u1ec9.<\/p>\n<\/div>\n<\/div>\n<\/div>\n<p><\/p>","protected":false},"excerpt":{"rendered":"<p><strong>\u00a0T\u1ee7 B\u1ebfp Acrylic\u00a0<\/strong>\u0111\u01b0\u1ee3c s\u1ea3n xu\u1ea5t d\u1ef1a tr\u00ean d\u00e2y chuy\u1ec1n hi\u1ec7n \u0111\u1ea1i v\u00e0 s\u1ef1 ki\u1ec3m duy\u1ec7t ch\u1ea5t l\u01b0\u1ee3ng kh\u1eaft khe c\u00f9ng \u0111\u1ed9i ng\u0169 thi\u1ebft k\u1ebf s\u00e1ng t\u1ea1o, l\u00e0nh ngh\u1ec1, am hi\u1ec3u m\u1ef9 thu\u1eadt v\u00e0 phong th\u1ee7y.<\/p>\n","protected":false},"featured_media":785,"comment_status":"open","ping_status":"closed","template":"","meta":[],"product_cat":[94,104,103,106,105],"product_tag":[],"_links":{"self":[{"href":"https:\/\/kan.mediawz.com\/en\/wp-json\/wp\/v2\/product\/782"}],"collection":[{"href":"https:\/\/kan.mediawz.com\/en\/wp-json\/wp\/v2\/product"}],"about":[{"href":"https:\/\/kan.mediawz.com\/en\/wp-json\/wp\/v2\/types\/product"}],"replies":[{"embeddable":true,"href":"https:\/\/kan.mediawz.com\/en\/wp-json\/wp\/v2\/comments?post=782"}],"wp:featuredmedia":[{"embeddable":true,"href":"https:\/\/kan.mediawz.com\/en\/wp-json\/wp\/v2\/media\/785"}],"wp:attachment":[{"href":"https:\/\/kan.mediawz.com\/en\/wp-json\/wp\/v2\/media?parent=782"}],"wp:term":[{"taxonomy":"product_cat","embeddable":true,"href":"https:\/\/kan.mediawz.com\/en\/wp-json\/wp\/v2\/product_cat?post=782"},{"taxonomy":"product_tag","embeddable":true,"href":"https:\/\/kan.mediawz.com\/en\/wp-json\/wp\/v2\/product_tag?post=782"}],"curies":[{"name":"wp","href":"https:\/\/api.w.org\/{rel}","templated":true}]}}