{"id":344,"date":"2019-12-05T14:09:44","date_gmt":"2019-12-05T07:09:44","guid":{"rendered":"http:\/\/c2.mediawz.com\/?page_id=344"},"modified":"2019-12-05T14:17:38","modified_gmt":"2019-12-05T07:17:38","slug":"chinh-sach-giao-hang","status":"publish","type":"page","link":"https:\/\/kan.mediawz.com\/en\/chinh-sach-giao-hang\/","title":{"rendered":"Ch\u00ednh s\u00e1ch giao h\u00e0ng"},"content":{"rendered":"<h2><strong>Ch\u00ednh s\u00e1ch giao h\u00e0ng<\/strong><\/h2>\n<p><strong>Lorem Ipsum<\/strong>\u00a0ch\u1ec9 \u0111\u01a1n gi\u1ea3n l\u00e0 m\u1ed9t \u0111o\u1ea1n v\u0103n b\u1ea3n gi\u1ea3, \u0111\u01b0\u1ee3c d\u00f9ng v\u00e0o vi\u1ec7c tr\u00ecnh b\u00e0y v\u00e0 d\u00e0n trang ph\u1ee5c v\u1ee5 cho in \u1ea5n. Lorem Ipsum \u0111\u00e3 \u0111\u01b0\u1ee3c s\u1eed d\u1ee5ng nh\u01b0 m\u1ed9t v\u0103n b\u1ea3n chu\u1ea9n cho ng\u00e0nh c\u00f4ng nghi\u1ec7p in \u1ea5n t\u1eeb nh\u1eefng n\u0103m 1500, khi m\u1ed9t h\u1ecda s\u0129 v\u00f4 danh gh\u00e9p nhi\u1ec1u \u0111o\u1ea1n v\u0103n b\u1ea3n v\u1edbi nhau \u0111\u1ec3 t\u1ea1o th\u00e0nh m\u1ed9t b\u1ea3n m\u1eabu v\u0103n b\u1ea3n. \u0110o\u1ea1n v\u0103n b\u1ea3n n\u00e0y kh\u00f4ng nh\u1eefng \u0111\u00e3 t\u1ed3n t\u1ea1i n\u0103m th\u1ebf k\u1ec9, m\u00e0 khi \u0111\u01b0\u1ee3c \u00e1p d\u1ee5ng v\u00e0o tin h\u1ecdc v\u0103n ph\u00f2ng, n\u1ed9i dung c\u1ee7a n\u00f3 v\u1eabn kh\u00f4ng h\u1ec1 b\u1ecb thay \u0111\u1ed5i. N\u00f3 \u0111\u00e3 \u0111\u01b0\u1ee3c ph\u1ed5 bi\u1ebfn trong nh\u1eefng n\u0103m 1960 nh\u1edd vi\u1ec7c b\u00e1n nh\u1eefng b\u1ea3n gi\u1ea5y Letraset in nh\u1eefng \u0111o\u1ea1n Lorem Ipsum, v\u00e0 g\u1ea7n \u0111\u00e2y h\u01a1n, \u0111\u01b0\u1ee3c s\u1eed d\u1ee5ng trong c\u00e1c \u1ee9ng d\u1ee5ng d\u00e0n trang, nh\u01b0 Aldus PageMaker.<\/p>\n<h2><strong>Ch\u00ednh s\u00e1ch mua h\u00e0ng<\/strong><\/h2>\n<p><strong>Lorem Ipsum<\/strong>\u00a0ch\u1ec9 \u0111\u01a1n gi\u1ea3n l\u00e0 m\u1ed9t \u0111o\u1ea1n v\u0103n b\u1ea3n gi\u1ea3, \u0111\u01b0\u1ee3c d\u00f9ng v\u00e0o vi\u1ec7c tr\u00ecnh b\u00e0y v\u00e0 d\u00e0n trang ph\u1ee5c v\u1ee5 cho in \u1ea5n. Lorem Ipsum \u0111\u00e3 \u0111\u01b0\u1ee3c s\u1eed d\u1ee5ng nh\u01b0 m\u1ed9t v\u0103n b\u1ea3n chu\u1ea9n cho ng\u00e0nh c\u00f4ng nghi\u1ec7p in \u1ea5n t\u1eeb nh\u1eefng n\u0103m 1500, khi m\u1ed9t h\u1ecda s\u0129 v\u00f4 danh gh\u00e9p nhi\u1ec1u \u0111o\u1ea1n v\u0103n b\u1ea3n v\u1edbi nhau \u0111\u1ec3 t\u1ea1o th\u00e0nh m\u1ed9t b\u1ea3n m\u1eabu v\u0103n b\u1ea3n. \u0110o\u1ea1n v\u0103n b\u1ea3n n\u00e0y kh\u00f4ng nh\u1eefng \u0111\u00e3 t\u1ed3n t\u1ea1i n\u0103m th\u1ebf k\u1ec9, m\u00e0 khi \u0111\u01b0\u1ee3c \u00e1p d\u1ee5ng v\u00e0o tin h\u1ecdc v\u0103n ph\u00f2ng, n\u1ed9i dung c\u1ee7a n\u00f3 v\u1eabn kh\u00f4ng h\u1ec1 b\u1ecb thay \u0111\u1ed5i. N\u00f3 \u0111\u00e3 \u0111\u01b0\u1ee3c ph\u1ed5 bi\u1ebfn trong nh\u1eefng n\u0103m 1960 nh\u1edd vi\u1ec7c b\u00e1n nh\u1eefng b\u1ea3n gi\u1ea5y Letraset in nh\u1eefng \u0111o\u1ea1n Lorem Ipsum, v\u00e0 g\u1ea7n \u0111\u00e2y h\u01a1n, \u0111\u01b0\u1ee3c s\u1eed d\u1ee5ng trong c\u00e1c \u1ee9ng d\u1ee5ng d\u00e0n trang, nh\u01b0 Aldus PageMaker.<\/p>\n<h2><strong>Ch\u00ednh s\u00e1ch \u0111\u1ed5i tr\u1ea3<\/strong><\/h2>\n<p><strong>Lorem Ipsum<\/strong>\u00a0ch\u1ec9 \u0111\u01a1n gi\u1ea3n l\u00e0 m\u1ed9t \u0111o\u1ea1n v\u0103n b\u1ea3n gi\u1ea3, \u0111\u01b0\u1ee3c d\u00f9ng v\u00e0o vi\u1ec7c tr\u00ecnh b\u00e0y v\u00e0 d\u00e0n trang ph\u1ee5c v\u1ee5 cho in \u1ea5n. Lorem Ipsum \u0111\u00e3 \u0111\u01b0\u1ee3c s\u1eed d\u1ee5ng nh\u01b0 m\u1ed9t v\u0103n b\u1ea3n chu\u1ea9n cho ng\u00e0nh c\u00f4ng nghi\u1ec7p in \u1ea5n t\u1eeb nh\u1eefng n\u0103m 1500, khi m\u1ed9t h\u1ecda s\u0129 v\u00f4 danh gh\u00e9p nhi\u1ec1u \u0111o\u1ea1n v\u0103n b\u1ea3n v\u1edbi nhau \u0111\u1ec3 t\u1ea1o th\u00e0nh m\u1ed9t b\u1ea3n m\u1eabu v\u0103n b\u1ea3n. \u0110o\u1ea1n v\u0103n b\u1ea3n n\u00e0y kh\u00f4ng nh\u1eefng \u0111\u00e3 t\u1ed3n t\u1ea1i n\u0103m th\u1ebf k\u1ec9, m\u00e0 khi \u0111\u01b0\u1ee3c \u00e1p d\u1ee5ng v\u00e0o tin h\u1ecdc v\u0103n ph\u00f2ng, n\u1ed9i dung c\u1ee7a n\u00f3 v\u1eabn kh\u00f4ng h\u1ec1 b\u1ecb thay \u0111\u1ed5i. N\u00f3 \u0111\u00e3 \u0111\u01b0\u1ee3c ph\u1ed5 bi\u1ebfn trong nh\u1eefng n\u0103m 1960 nh\u1edd vi\u1ec7c b\u00e1n nh\u1eefng b\u1ea3n gi\u1ea5y Letraset in nh\u1eefng \u0111o\u1ea1n Lorem Ipsum, v\u00e0 g\u1ea7n \u0111\u00e2y h\u01a1n, \u0111\u01b0\u1ee3c s\u1eed d\u1ee5ng trong c\u00e1c \u1ee9ng d\u1ee5ng d\u00e0n trang, nh\u01b0 Aldus PageMaker.<\/p>\n","protected":false},"excerpt":{"rendered":"<p>Ch\u00ednh s\u00e1ch giao h\u00e0ng Lorem Ipsum\u00a0ch\u1ec9 \u0111\u01a1n gi\u1ea3n l\u00e0 m\u1ed9t \u0111o\u1ea1n v\u0103n b\u1ea3n gi\u1ea3, \u0111\u01b0\u1ee3c d\u00f9ng v\u00e0o vi\u1ec7c tr\u00ecnh b\u00e0y v\u00e0 d\u00e0n trang ph\u1ee5c v\u1ee5 cho in \u1ea5n. Lorem Ipsum \u0111\u00e3 \u0111\u01b0\u1ee3c s\u1eed d\u1ee5ng nh\u01b0 m\u1ed9t v\u0103n b\u1ea3n chu\u1ea9n cho ng\u00e0nh c\u00f4ng nghi\u1ec7p in \u1ea5n t\u1eeb nh\u1eefng n\u0103m 1500, khi m\u1ed9t h\u1ecda s\u0129 v\u00f4 danh &hellip; <\/p>\n<p class=\"link-more\"><a href=\"https:\/\/kan.mediawz.com\/en\/chinh-sach-giao-hang\/\" class=\"more-link\">Continue reading<span class=\"screen-reader-text\"> &#8220;Ch\u00ednh s\u00e1ch giao h\u00e0ng&#8221;<\/span><\/a><\/p>\n","protected":false},"author":1,"featured_media":0,"parent":0,"menu_order":0,"comment_status":"closed","ping_status":"closed","template":"","meta":{"footnotes":""},"_links":{"self":[{"href":"https:\/\/kan.mediawz.com\/en\/wp-json\/wp\/v2\/pages\/344"}],"collection":[{"href":"https:\/\/kan.mediawz.com\/en\/wp-json\/wp\/v2\/pages"}],"about":[{"href":"https:\/\/kan.mediawz.com\/en\/wp-json\/wp\/v2\/types\/page"}],"author":[{"embeddable":true,"href":"https:\/\/kan.mediawz.com\/en\/wp-json\/wp\/v2\/users\/1"}],"replies":[{"embeddable":true,"href":"https:\/\/kan.mediawz.com\/en\/wp-json\/wp\/v2\/comments?post=344"}],"version-history":[{"count":1,"href":"https:\/\/kan.mediawz.com\/en\/wp-json\/wp\/v2\/pages\/344\/revisions"}],"predecessor-version":[{"id":345,"href":"https:\/\/kan.mediawz.com\/en\/wp-json\/wp\/v2\/pages\/344\/revisions\/345"}],"wp:attachment":[{"href":"https:\/\/kan.mediawz.com\/en\/wp-json\/wp\/v2\/media?parent=344"}],"curies":[{"name":"wp","href":"https:\/\/api.w.org\/{rel}","templated":true}]}}